{"id":12372,"date":"2026-01-14T11:51:23","date_gmt":"2026-01-14T10:51:23","guid":{"rendered":"https:\/\/www.plataformadecomunicacio.com\/ens-dabastament-daigua-ter-llobregat-atl\/"},"modified":"2026-01-14T12:33:27","modified_gmt":"2026-01-14T11:33:27","slug":"ens-dabastament-daigua-ter-llobregat-atl","status":"publish","type":"page","link":"https:\/\/www.plataformadecomunicacio.com\/es\/ens-dabastament-daigua-ter-llobregat-atl\/","title":{"rendered":"Ens d&#8217;Abastament d&#8217;Aigua Ter-Llobregat (ATL)"},"content":{"rendered":"\r\n<h1 class=\"wp-block-heading\"><strong>Ens d&#8217;Abastament d&#8217;Aigua Ter-Llobregat (ATL)<\/strong><\/h1>\r\n\r\n\r\n\r\n<div class=\"wp-block-media-text is-stacked-on-mobile\">\r\n<figure class=\"wp-block-media-text__media\"><img loading=\"lazy\" decoding=\"async\" width=\"1024\" height=\"768\" class=\"wp-image-12039 size-full\" src=\"https:\/\/www.plataformadecomunicacio.com\/wp-content\/uploads\/2025\/12\/Fotos-per-pagina-web-2-1.png\" alt=\"\" srcset=\"https:\/\/www.plataformadecomunicacio.com\/wp-content\/uploads\/2025\/12\/Fotos-per-pagina-web-2-1.png 1024w, https:\/\/www.plataformadecomunicacio.com\/wp-content\/uploads\/2025\/12\/Fotos-per-pagina-web-2-1-300x225.png 300w, https:\/\/www.plataformadecomunicacio.com\/wp-content\/uploads\/2025\/12\/Fotos-per-pagina-web-2-1-768x576.png 768w, https:\/\/www.plataformadecomunicacio.com\/wp-content\/uploads\/2025\/12\/Fotos-per-pagina-web-2-1-705x529.png 705w\" sizes=\"auto, (max-width: 1024px) 100vw, 1024px\" \/><\/figure>\r\n<div class=\"wp-block-media-text__content\">\r\n\r\n\r\n<h2 class=\"wp-block-heading\">Newsletter corporativa<\/h2>\r\n\r\n\r\n\r\n\r\n<strong>Creaci\u00f3n y difusi\u00f3n<\/strong> de boletines de <strong>comunicaci\u00f3n interna<\/strong>. <strong>Dise\u00f1o de contenidos<\/strong> alineados con los valores de la organizaci\u00f3n, con el objetivo de informar, conectar y motivar a los equipos.\r\n\r\n\r\n\r\n<\/div>\r\n<\/div>\r\n\r\n\r\n\r\n<div class=\"wp-block-media-text has-media-on-the-right is-stacked-on-mobile\">\r\n<div class=\"wp-block-media-text__content\">\r\n\r\n\r\n<h2 class=\"wp-block-heading\">ATL Talks<\/h2>\r\n\r\n\r\n\r\n\r\nAcompa\u00f1amiento a formadores y formadoras en el marco de las <strong>formaciones internas<\/strong>. Apoyo en la estructuraci\u00f3n de las ponencias, la preparaci\u00f3n de guiones y la optimizaci\u00f3n de la comunicaci\u00f3n verbal y no verbal.\r\n\r\n\r\n\r\n<\/div>\r\n<figure class=\"wp-block-media-text__media\"><img loading=\"lazy\" decoding=\"async\" width=\"1030\" height=\"600\" class=\"wp-image-12151 size-full\" src=\"https:\/\/www.plataformadecomunicacio.com\/wp-content\/uploads\/2026\/01\/ATL-Talks-1-1030x600.png\" alt=\"\" srcset=\"https:\/\/www.plataformadecomunicacio.com\/wp-content\/uploads\/2026\/01\/ATL-Talks-1-1030x600.png 1030w, https:\/\/www.plataformadecomunicacio.com\/wp-content\/uploads\/2026\/01\/ATL-Talks-1-300x175.png 300w, https:\/\/www.plataformadecomunicacio.com\/wp-content\/uploads\/2026\/01\/ATL-Talks-1-768x448.png 768w, https:\/\/www.plataformadecomunicacio.com\/wp-content\/uploads\/2026\/01\/ATL-Talks-1-705x411.png 705w, https:\/\/www.plataformadecomunicacio.com\/wp-content\/uploads\/2026\/01\/ATL-Talks-1.png 1424w\" sizes=\"auto, (max-width: 1030px) 100vw, 1030px\" \/><\/figure>\r\n<\/div>\r\n\r\n\r\n\r\n\r\n","protected":false},"excerpt":{"rendered":"<p>Ens d&#8217;Abastament d&#8217;Aigua Ter-Llobregat (ATL) Newsletter corporativa Creaci\u00f3n y difusi\u00f3n de boletines de comunicaci\u00f3n interna. Dise\u00f1o de contenidos alineados con los valores de la organizaci\u00f3n, con el objetivo de informar, conectar y motivar a los equipos. ATL Talks Acompa\u00f1amiento a formadores y formadoras en el marco de las formaciones internas. Apoyo en la estructuraci\u00f3n de [&hellip;]<\/p>\n","protected":false},"author":2,"featured_media":0,"parent":0,"menu_order":0,"comment_status":"closed","ping_status":"closed","template":"","meta":{"footnotes":""},"class_list":["post-12372","page","type-page","status-publish","hentry"],"yoast_head":"<!-- This site is optimized with the Yoast SEO plugin v26.1 - https:\/\/yoast.com\/wordpress\/plugins\/seo\/ -->\n<title>Ens d&#039;Abastament d&#039;Aigua Ter-Llobregat (ATL) - Plataforma de comunicaci\u00f3<\/title>\n<meta name=\"robots\" content=\"index, follow, max-snippet:-1, max-image-preview:large, max-video-preview:-1\" \/>\n<link rel=\"canonical\" href=\"https:\/\/www.plataformadecomunicacio.com\/es\/ens-dabastament-daigua-ter-llobregat-atl\/\" \/>\n<meta property=\"og:locale\" content=\"es_ES\" \/>\n<meta property=\"og:type\" content=\"article\" \/>\n<meta property=\"og:title\" content=\"Ens d&#039;Abastament d&#039;Aigua Ter-Llobregat (ATL) - Plataforma de comunicaci\u00f3\" \/>\n<meta property=\"og:description\" content=\"Ens d&#8217;Abastament d&#8217;Aigua Ter-Llobregat (ATL) Newsletter corporativa Creaci\u00f3n y difusi\u00f3n de boletines de comunicaci\u00f3n interna. Dise\u00f1o de contenidos alineados con los valores de la organizaci\u00f3n, con el objetivo de informar, conectar y motivar a los equipos. ATL Talks Acompa\u00f1amiento a formadores y formadoras en el marco de las formaciones internas. Apoyo en la estructuraci\u00f3n de [&hellip;]\" \/>\n<meta property=\"og:url\" content=\"https:\/\/www.plataformadecomunicacio.com\/es\/ens-dabastament-daigua-ter-llobregat-atl\/\" \/>\n<meta property=\"og:site_name\" content=\"Plataforma de comunicaci\u00f3\" \/>\n<meta property=\"article:publisher\" content=\"https:\/\/www.facebook.com\/plataformadecomunicacio\/\" \/>\n<meta property=\"article:modified_time\" content=\"2026-01-14T11:33:27+00:00\" \/>\n<meta property=\"og:image\" content=\"https:\/\/www.plataformadecomunicacio.com\/wp-content\/uploads\/2025\/12\/Fotos-per-pagina-web-2-1.png\" \/>\n\t<meta property=\"og:image:width\" content=\"1024\" \/>\n\t<meta property=\"og:image:height\" content=\"768\" \/>\n\t<meta property=\"og:image:type\" content=\"image\/png\" \/>\n<meta name=\"twitter:card\" content=\"summary_large_image\" \/>\n<meta name=\"twitter:site\" content=\"@PlataformadeCom\" \/>\n<script type=\"application\/ld+json\" class=\"yoast-schema-graph\">{\"@context\":\"https:\/\/schema.org\",\"@graph\":[{\"@type\":\"WebPage\",\"@id\":\"https:\/\/www.plataformadecomunicacio.com\/es\/ens-dabastament-daigua-ter-llobregat-atl\/\",\"url\":\"https:\/\/www.plataformadecomunicacio.com\/es\/ens-dabastament-daigua-ter-llobregat-atl\/\",\"name\":\"Ens d'Abastament d'Aigua Ter-Llobregat (ATL) - Plataforma de comunicaci\u00f3\",\"isPartOf\":{\"@id\":\"https:\/\/www.plataformadecomunicacio.com\/#website\"},\"primaryImageOfPage\":{\"@id\":\"https:\/\/www.plataformadecomunicacio.com\/es\/ens-dabastament-daigua-ter-llobregat-atl\/#primaryimage\"},\"image\":{\"@id\":\"https:\/\/www.plataformadecomunicacio.com\/es\/ens-dabastament-daigua-ter-llobregat-atl\/#primaryimage\"},\"thumbnailUrl\":\"https:\/\/www.plataformadecomunicacio.com\/wp-content\/uploads\/2025\/12\/Fotos-per-pagina-web-2-1.png\",\"datePublished\":\"2026-01-14T10:51:23+00:00\",\"dateModified\":\"2026-01-14T11:33:27+00:00\",\"breadcrumb\":{\"@id\":\"https:\/\/www.plataformadecomunicacio.com\/es\/ens-dabastament-daigua-ter-llobregat-atl\/#breadcrumb\"},\"inLanguage\":\"es\",\"potentialAction\":[{\"@type\":\"ReadAction\",\"target\":[\"https:\/\/www.plataformadecomunicacio.com\/es\/ens-dabastament-daigua-ter-llobregat-atl\/\"]}]},{\"@type\":\"ImageObject\",\"inLanguage\":\"es\",\"@id\":\"https:\/\/www.plataformadecomunicacio.com\/es\/ens-dabastament-daigua-ter-llobregat-atl\/#primaryimage\",\"url\":\"https:\/\/www.plataformadecomunicacio.com\/wp-content\/uploads\/2025\/12\/Fotos-per-pagina-web-2-1.png\",\"contentUrl\":\"https:\/\/www.plataformadecomunicacio.com\/wp-content\/uploads\/2025\/12\/Fotos-per-pagina-web-2-1.png\"},{\"@type\":\"BreadcrumbList\",\"@id\":\"https:\/\/www.plataformadecomunicacio.com\/es\/ens-dabastament-daigua-ter-llobregat-atl\/#breadcrumb\",\"itemListElement\":[{\"@type\":\"ListItem\",\"position\":1,\"name\":\"Home\",\"item\":\"https:\/\/www.plataformadecomunicacio.com\/es\/inicio\/\"},{\"@type\":\"ListItem\",\"position\":2,\"name\":\"Ens d&#8217;Abastament d&#8217;Aigua Ter-Llobregat (ATL)\"}]},{\"@type\":\"WebSite\",\"@id\":\"https:\/\/www.plataformadecomunicacio.com\/#website\",\"url\":\"https:\/\/www.plataformadecomunicacio.com\/\",\"name\":\"Plataforma de comunicaci\u00f3\",\"description\":\"Comuniquem junts\",\"publisher\":{\"@id\":\"https:\/\/www.plataformadecomunicacio.com\/#organization\"},\"potentialAction\":[{\"@type\":\"SearchAction\",\"target\":{\"@type\":\"EntryPoint\",\"urlTemplate\":\"https:\/\/www.plataformadecomunicacio.com\/?s={search_term_string}\"},\"query-input\":{\"@type\":\"PropertyValueSpecification\",\"valueRequired\":true,\"valueName\":\"search_term_string\"}}],\"inLanguage\":\"es\"},{\"@type\":\"Organization\",\"@id\":\"https:\/\/www.plataformadecomunicacio.com\/#organization\",\"name\":\"Plataforma de comunicaci\u00f3\",\"url\":\"https:\/\/www.plataformadecomunicacio.com\/\",\"logo\":{\"@type\":\"ImageObject\",\"inLanguage\":\"es\",\"@id\":\"https:\/\/www.plataformadecomunicacio.com\/#\/schema\/logo\/image\/\",\"url\":\"https:\/\/www.plataformadecomunicacio.com\/wp-content\/uploads\/2019\/02\/Logo_plataforma.png\",\"contentUrl\":\"https:\/\/www.plataformadecomunicacio.com\/wp-content\/uploads\/2019\/02\/Logo_plataforma.png\",\"width\":505,\"height\":320,\"caption\":\"Plataforma de comunicaci\u00f3\"},\"image\":{\"@id\":\"https:\/\/www.plataformadecomunicacio.com\/#\/schema\/logo\/image\/\"},\"sameAs\":[\"https:\/\/www.facebook.com\/plataformadecomunicacio\/\",\"https:\/\/x.com\/PlataformadeCom\",\"https:\/\/www.linkedin.com\/company\/plataforma-de-comunicaci\u00f3\/\",\"https:\/\/www.youtube.com\/channel\/UCQ4-7CGw0atul0BbEAN5S9w\"]}]}<\/script>\n<!-- \/ Yoast SEO plugin. -->","yoast_head_json":{"title":"Ens d'Abastament d'Aigua Ter-Llobregat (ATL) - Plataforma de comunicaci\u00f3","robots":{"index":"index","follow":"follow","max-snippet":"max-snippet:-1","max-image-preview":"max-image-preview:large","max-video-preview":"max-video-preview:-1"},"canonical":"https:\/\/www.plataformadecomunicacio.com\/es\/ens-dabastament-daigua-ter-llobregat-atl\/","og_locale":"es_ES","og_type":"article","og_title":"Ens d'Abastament d'Aigua Ter-Llobregat (ATL) - Plataforma de comunicaci\u00f3","og_description":"Ens d&#8217;Abastament d&#8217;Aigua Ter-Llobregat (ATL) Newsletter corporativa Creaci\u00f3n y difusi\u00f3n de boletines de comunicaci\u00f3n interna. Dise\u00f1o de contenidos alineados con los valores de la organizaci\u00f3n, con el objetivo de informar, conectar y motivar a los equipos. ATL Talks Acompa\u00f1amiento a formadores y formadoras en el marco de las formaciones internas. Apoyo en la estructuraci\u00f3n de [&hellip;]","og_url":"https:\/\/www.plataformadecomunicacio.com\/es\/ens-dabastament-daigua-ter-llobregat-atl\/","og_site_name":"Plataforma de comunicaci\u00f3","article_publisher":"https:\/\/www.facebook.com\/plataformadecomunicacio\/","article_modified_time":"2026-01-14T11:33:27+00:00","og_image":[{"width":1024,"height":768,"url":"https:\/\/www.plataformadecomunicacio.com\/wp-content\/uploads\/2025\/12\/Fotos-per-pagina-web-2-1.png","type":"image\/png"}],"twitter_card":"summary_large_image","twitter_site":"@PlataformadeCom","schema":{"@context":"https:\/\/schema.org","@graph":[{"@type":"WebPage","@id":"https:\/\/www.plataformadecomunicacio.com\/es\/ens-dabastament-daigua-ter-llobregat-atl\/","url":"https:\/\/www.plataformadecomunicacio.com\/es\/ens-dabastament-daigua-ter-llobregat-atl\/","name":"Ens d'Abastament d'Aigua Ter-Llobregat (ATL) - Plataforma de comunicaci\u00f3","isPartOf":{"@id":"https:\/\/www.plataformadecomunicacio.com\/#website"},"primaryImageOfPage":{"@id":"https:\/\/www.plataformadecomunicacio.com\/es\/ens-dabastament-daigua-ter-llobregat-atl\/#primaryimage"},"image":{"@id":"https:\/\/www.plataformadecomunicacio.com\/es\/ens-dabastament-daigua-ter-llobregat-atl\/#primaryimage"},"thumbnailUrl":"https:\/\/www.plataformadecomunicacio.com\/wp-content\/uploads\/2025\/12\/Fotos-per-pagina-web-2-1.png","datePublished":"2026-01-14T10:51:23+00:00","dateModified":"2026-01-14T11:33:27+00:00","breadcrumb":{"@id":"https:\/\/www.plataformadecomunicacio.com\/es\/ens-dabastament-daigua-ter-llobregat-atl\/#breadcrumb"},"inLanguage":"es","potentialAction":[{"@type":"ReadAction","target":["https:\/\/www.plataformadecomunicacio.com\/es\/ens-dabastament-daigua-ter-llobregat-atl\/"]}]},{"@type":"ImageObject","inLanguage":"es","@id":"https:\/\/www.plataformadecomunicacio.com\/es\/ens-dabastament-daigua-ter-llobregat-atl\/#primaryimage","url":"https:\/\/www.plataformadecomunicacio.com\/wp-content\/uploads\/2025\/12\/Fotos-per-pagina-web-2-1.png","contentUrl":"https:\/\/www.plataformadecomunicacio.com\/wp-content\/uploads\/2025\/12\/Fotos-per-pagina-web-2-1.png"},{"@type":"BreadcrumbList","@id":"https:\/\/www.plataformadecomunicacio.com\/es\/ens-dabastament-daigua-ter-llobregat-atl\/#breadcrumb","itemListElement":[{"@type":"ListItem","position":1,"name":"Home","item":"https:\/\/www.plataformadecomunicacio.com\/es\/inicio\/"},{"@type":"ListItem","position":2,"name":"Ens d&#8217;Abastament d&#8217;Aigua Ter-Llobregat (ATL)"}]},{"@type":"WebSite","@id":"https:\/\/www.plataformadecomunicacio.com\/#website","url":"https:\/\/www.plataformadecomunicacio.com\/","name":"Plataforma de comunicaci\u00f3","description":"Comuniquem junts","publisher":{"@id":"https:\/\/www.plataformadecomunicacio.com\/#organization"},"potentialAction":[{"@type":"SearchAction","target":{"@type":"EntryPoint","urlTemplate":"https:\/\/www.plataformadecomunicacio.com\/?s={search_term_string}"},"query-input":{"@type":"PropertyValueSpecification","valueRequired":true,"valueName":"search_term_string"}}],"inLanguage":"es"},{"@type":"Organization","@id":"https:\/\/www.plataformadecomunicacio.com\/#organization","name":"Plataforma de comunicaci\u00f3","url":"https:\/\/www.plataformadecomunicacio.com\/","logo":{"@type":"ImageObject","inLanguage":"es","@id":"https:\/\/www.plataformadecomunicacio.com\/#\/schema\/logo\/image\/","url":"https:\/\/www.plataformadecomunicacio.com\/wp-content\/uploads\/2019\/02\/Logo_plataforma.png","contentUrl":"https:\/\/www.plataformadecomunicacio.com\/wp-content\/uploads\/2019\/02\/Logo_plataforma.png","width":505,"height":320,"caption":"Plataforma de comunicaci\u00f3"},"image":{"@id":"https:\/\/www.plataformadecomunicacio.com\/#\/schema\/logo\/image\/"},"sameAs":["https:\/\/www.facebook.com\/plataformadecomunicacio\/","https:\/\/x.com\/PlataformadeCom","https:\/\/www.linkedin.com\/company\/plataforma-de-comunicaci\u00f3\/","https:\/\/www.youtube.com\/channel\/UCQ4-7CGw0atul0BbEAN5S9w"]}]}},"_links":{"self":[{"href":"https:\/\/www.plataformadecomunicacio.com\/es\/wp-json\/wp\/v2\/pages\/12372","targetHints":{"allow":["GET"]}}],"collection":[{"href":"https:\/\/www.plataformadecomunicacio.com\/es\/wp-json\/wp\/v2\/pages"}],"about":[{"href":"https:\/\/www.plataformadecomunicacio.com\/es\/wp-json\/wp\/v2\/types\/page"}],"author":[{"embeddable":true,"href":"https:\/\/www.plataformadecomunicacio.com\/es\/wp-json\/wp\/v2\/users\/2"}],"replies":[{"embeddable":true,"href":"https:\/\/www.plataformadecomunicacio.com\/es\/wp-json\/wp\/v2\/comments?post=12372"}],"version-history":[{"count":2,"href":"https:\/\/www.plataformadecomunicacio.com\/es\/wp-json\/wp\/v2\/pages\/12372\/revisions"}],"predecessor-version":[{"id":12397,"href":"https:\/\/www.plataformadecomunicacio.com\/es\/wp-json\/wp\/v2\/pages\/12372\/revisions\/12397"}],"wp:attachment":[{"href":"https:\/\/www.plataformadecomunicacio.com\/es\/wp-json\/wp\/v2\/media?parent=12372"}],"curies":[{"name":"wp","href":"https:\/\/api.w.org\/{rel}","templated":true}]}}