{"id":12376,"date":"2026-01-14T11:57:07","date_gmt":"2026-01-14T10:57:07","guid":{"rendered":"https:\/\/www.plataformadecomunicacio.com\/digital-entertainment-summit\/"},"modified":"2026-01-14T11:58:55","modified_gmt":"2026-01-14T10:58:55","slug":"digital-entertainment-summit","status":"publish","type":"page","link":"https:\/\/www.plataformadecomunicacio.com\/es\/digital-entertainment-summit\/","title":{"rendered":"Digital Entertainment Summit"},"content":{"rendered":"\r\n<h1 class=\"wp-block-heading\"><strong>Digital Entertainment Summit<\/strong><\/h1>\r\n\r\n\r\n\r\n\r\n\r\n\r\n\r\n<div class=\"wp-block-media-text is-stacked-on-mobile\" style=\"grid-template-columns: 60% auto;\">\r\n<figure class=\"wp-block-media-text__media\"><img loading=\"lazy\" decoding=\"async\" width=\"1024\" height=\"768\" class=\"wp-image-12065 size-full\" src=\"https:\/\/www.plataformadecomunicacio.com\/wp-content\/uploads\/2025\/12\/Fotos-per-pagina-web-5.png\" alt=\"\" srcset=\"https:\/\/www.plataformadecomunicacio.com\/wp-content\/uploads\/2025\/12\/Fotos-per-pagina-web-5.png 1024w, https:\/\/www.plataformadecomunicacio.com\/wp-content\/uploads\/2025\/12\/Fotos-per-pagina-web-5-300x225.png 300w, https:\/\/www.plataformadecomunicacio.com\/wp-content\/uploads\/2025\/12\/Fotos-per-pagina-web-5-768x576.png 768w, https:\/\/www.plataformadecomunicacio.com\/wp-content\/uploads\/2025\/12\/Fotos-per-pagina-web-5-705x529.png 705w\" sizes=\"auto, (max-width: 1024px) 100vw, 1024px\" \/><\/figure>\r\n<div class=\"wp-block-media-text__content\">\r\n\r\n\r\n<h2 class=\"wp-block-heading\">Coordinaci\u00f3n del acto<\/h2>\r\n\r\n\r\n\r\n\r\nApoyo en la <strong>organizaci\u00f3n integral del evento<\/strong>, coordinando a los diferentes agentes implicados y velando por el buen desarrollo de todas las fases: planificaci\u00f3n, ejecuci\u00f3n y cierre.\r\n\r\n\r\n\r\n<\/div>\r\n<\/div>\r\n\r\n\r\n\r\n<div class=\"wp-block-media-text has-media-on-the-right is-stacked-on-mobile\" style=\"grid-template-columns: auto 62%;\">\r\n<div class=\"wp-block-media-text__content\">\r\n\r\n\r\n<h2 class=\"wp-block-heading\">Producci\u00f3n y dise\u00f1o de materiales<\/h2>\r\n\r\n\r\n\r\n\r\nDise\u00f1o de los materiales de apoyo necesarios para el acto, tanto para la <strong>actualizaci\u00f3n de la p\u00e1gina web<\/strong> como para la<strong> producci\u00f3n<\/strong> <strong>de <em>roll-ups<\/em>, el <em>photocall<\/em>, los folletos, las carpetas o los identificadores<\/strong>.\r\n\r\n\r\n\r\n<\/div>\r\n<figure class=\"wp-block-media-text__media\"><img loading=\"lazy\" decoding=\"async\" width=\"1024\" height=\"768\" class=\"wp-image-12061 size-full\" src=\"https:\/\/www.plataformadecomunicacio.com\/wp-content\/uploads\/2025\/12\/Fotos-per-pagina-web-3-3.png\" alt=\"\" srcset=\"https:\/\/www.plataformadecomunicacio.com\/wp-content\/uploads\/2025\/12\/Fotos-per-pagina-web-3-3.png 1024w, https:\/\/www.plataformadecomunicacio.com\/wp-content\/uploads\/2025\/12\/Fotos-per-pagina-web-3-3-300x225.png 300w, https:\/\/www.plataformadecomunicacio.com\/wp-content\/uploads\/2025\/12\/Fotos-per-pagina-web-3-3-768x576.png 768w, https:\/\/www.plataformadecomunicacio.com\/wp-content\/uploads\/2025\/12\/Fotos-per-pagina-web-3-3-705x529.png 705w\" sizes=\"auto, (max-width: 1024px) 100vw, 1024px\" \/><\/figure>\r\n<\/div>\r\n","protected":false},"excerpt":{"rendered":"<p>Digital Entertainment Summit Coordinaci\u00f3n del acto Apoyo en la organizaci\u00f3n integral del evento, coordinando a los diferentes agentes implicados y velando por el buen desarrollo de todas las fases: planificaci\u00f3n, ejecuci\u00f3n y cierre. Producci\u00f3n y dise\u00f1o de materiales Dise\u00f1o de los materiales de apoyo necesarios para el acto, tanto para la actualizaci\u00f3n de la p\u00e1gina [&hellip;]<\/p>\n","protected":false},"author":2,"featured_media":0,"parent":0,"menu_order":0,"comment_status":"closed","ping_status":"closed","template":"","meta":{"footnotes":""},"class_list":["post-12376","page","type-page","status-publish","hentry"],"yoast_head":"<!-- This site is optimized with the Yoast SEO plugin v26.1 - https:\/\/yoast.com\/wordpress\/plugins\/seo\/ -->\n<title>Digital Entertainment Summit - Plataforma de comunicaci\u00f3<\/title>\n<meta name=\"robots\" content=\"index, follow, max-snippet:-1, max-image-preview:large, max-video-preview:-1\" \/>\n<link rel=\"canonical\" href=\"https:\/\/www.plataformadecomunicacio.com\/es\/digital-entertainment-summit\/\" \/>\n<meta property=\"og:locale\" content=\"es_ES\" \/>\n<meta property=\"og:type\" content=\"article\" \/>\n<meta property=\"og:title\" content=\"Digital Entertainment Summit - Plataforma de comunicaci\u00f3\" \/>\n<meta property=\"og:description\" content=\"Digital Entertainment Summit Coordinaci\u00f3n del acto Apoyo en la organizaci\u00f3n integral del evento, coordinando a los diferentes agentes implicados y velando por el buen desarrollo de todas las fases: planificaci\u00f3n, ejecuci\u00f3n y cierre. Producci\u00f3n y dise\u00f1o de materiales Dise\u00f1o de los materiales de apoyo necesarios para el acto, tanto para la actualizaci\u00f3n de la p\u00e1gina [&hellip;]\" \/>\n<meta property=\"og:url\" content=\"https:\/\/www.plataformadecomunicacio.com\/es\/digital-entertainment-summit\/\" \/>\n<meta property=\"og:site_name\" content=\"Plataforma de comunicaci\u00f3\" \/>\n<meta property=\"article:publisher\" content=\"https:\/\/www.facebook.com\/plataformadecomunicacio\/\" \/>\n<meta property=\"article:modified_time\" content=\"2026-01-14T10:58:55+00:00\" \/>\n<meta property=\"og:image\" content=\"https:\/\/www.plataformadecomunicacio.com\/wp-content\/uploads\/2025\/12\/Fotos-per-pagina-web-5.png\" \/>\n\t<meta property=\"og:image:width\" content=\"1024\" \/>\n\t<meta property=\"og:image:height\" content=\"768\" \/>\n\t<meta property=\"og:image:type\" content=\"image\/png\" \/>\n<meta name=\"twitter:card\" content=\"summary_large_image\" \/>\n<meta name=\"twitter:site\" content=\"@PlataformadeCom\" \/>\n<script type=\"application\/ld+json\" class=\"yoast-schema-graph\">{\"@context\":\"https:\/\/schema.org\",\"@graph\":[{\"@type\":\"WebPage\",\"@id\":\"https:\/\/www.plataformadecomunicacio.com\/es\/digital-entertainment-summit\/\",\"url\":\"https:\/\/www.plataformadecomunicacio.com\/es\/digital-entertainment-summit\/\",\"name\":\"Digital Entertainment Summit - Plataforma de comunicaci\u00f3\",\"isPartOf\":{\"@id\":\"https:\/\/www.plataformadecomunicacio.com\/#website\"},\"primaryImageOfPage\":{\"@id\":\"https:\/\/www.plataformadecomunicacio.com\/es\/digital-entertainment-summit\/#primaryimage\"},\"image\":{\"@id\":\"https:\/\/www.plataformadecomunicacio.com\/es\/digital-entertainment-summit\/#primaryimage\"},\"thumbnailUrl\":\"https:\/\/www.plataformadecomunicacio.com\/wp-content\/uploads\/2025\/12\/Fotos-per-pagina-web-5.png\",\"datePublished\":\"2026-01-14T10:57:07+00:00\",\"dateModified\":\"2026-01-14T10:58:55+00:00\",\"breadcrumb\":{\"@id\":\"https:\/\/www.plataformadecomunicacio.com\/es\/digital-entertainment-summit\/#breadcrumb\"},\"inLanguage\":\"es\",\"potentialAction\":[{\"@type\":\"ReadAction\",\"target\":[\"https:\/\/www.plataformadecomunicacio.com\/es\/digital-entertainment-summit\/\"]}]},{\"@type\":\"ImageObject\",\"inLanguage\":\"es\",\"@id\":\"https:\/\/www.plataformadecomunicacio.com\/es\/digital-entertainment-summit\/#primaryimage\",\"url\":\"https:\/\/www.plataformadecomunicacio.com\/wp-content\/uploads\/2025\/12\/Fotos-per-pagina-web-5.png\",\"contentUrl\":\"https:\/\/www.plataformadecomunicacio.com\/wp-content\/uploads\/2025\/12\/Fotos-per-pagina-web-5.png\"},{\"@type\":\"BreadcrumbList\",\"@id\":\"https:\/\/www.plataformadecomunicacio.com\/es\/digital-entertainment-summit\/#breadcrumb\",\"itemListElement\":[{\"@type\":\"ListItem\",\"position\":1,\"name\":\"Home\",\"item\":\"https:\/\/www.plataformadecomunicacio.com\/es\/inicio\/\"},{\"@type\":\"ListItem\",\"position\":2,\"name\":\"Digital Entertainment Summit\"}]},{\"@type\":\"WebSite\",\"@id\":\"https:\/\/www.plataformadecomunicacio.com\/#website\",\"url\":\"https:\/\/www.plataformadecomunicacio.com\/\",\"name\":\"Plataforma de comunicaci\u00f3\",\"description\":\"Comuniquem junts\",\"publisher\":{\"@id\":\"https:\/\/www.plataformadecomunicacio.com\/#organization\"},\"potentialAction\":[{\"@type\":\"SearchAction\",\"target\":{\"@type\":\"EntryPoint\",\"urlTemplate\":\"https:\/\/www.plataformadecomunicacio.com\/?s={search_term_string}\"},\"query-input\":{\"@type\":\"PropertyValueSpecification\",\"valueRequired\":true,\"valueName\":\"search_term_string\"}}],\"inLanguage\":\"es\"},{\"@type\":\"Organization\",\"@id\":\"https:\/\/www.plataformadecomunicacio.com\/#organization\",\"name\":\"Plataforma de comunicaci\u00f3\",\"url\":\"https:\/\/www.plataformadecomunicacio.com\/\",\"logo\":{\"@type\":\"ImageObject\",\"inLanguage\":\"es\",\"@id\":\"https:\/\/www.plataformadecomunicacio.com\/#\/schema\/logo\/image\/\",\"url\":\"https:\/\/www.plataformadecomunicacio.com\/wp-content\/uploads\/2019\/02\/Logo_plataforma.png\",\"contentUrl\":\"https:\/\/www.plataformadecomunicacio.com\/wp-content\/uploads\/2019\/02\/Logo_plataforma.png\",\"width\":505,\"height\":320,\"caption\":\"Plataforma de comunicaci\u00f3\"},\"image\":{\"@id\":\"https:\/\/www.plataformadecomunicacio.com\/#\/schema\/logo\/image\/\"},\"sameAs\":[\"https:\/\/www.facebook.com\/plataformadecomunicacio\/\",\"https:\/\/x.com\/PlataformadeCom\",\"https:\/\/www.linkedin.com\/company\/plataforma-de-comunicaci\u00f3\/\",\"https:\/\/www.youtube.com\/channel\/UCQ4-7CGw0atul0BbEAN5S9w\"]}]}<\/script>\n<!-- \/ Yoast SEO plugin. -->","yoast_head_json":{"title":"Digital Entertainment Summit - Plataforma de comunicaci\u00f3","robots":{"index":"index","follow":"follow","max-snippet":"max-snippet:-1","max-image-preview":"max-image-preview:large","max-video-preview":"max-video-preview:-1"},"canonical":"https:\/\/www.plataformadecomunicacio.com\/es\/digital-entertainment-summit\/","og_locale":"es_ES","og_type":"article","og_title":"Digital Entertainment Summit - Plataforma de comunicaci\u00f3","og_description":"Digital Entertainment Summit Coordinaci\u00f3n del acto Apoyo en la organizaci\u00f3n integral del evento, coordinando a los diferentes agentes implicados y velando por el buen desarrollo de todas las fases: planificaci\u00f3n, ejecuci\u00f3n y cierre. Producci\u00f3n y dise\u00f1o de materiales Dise\u00f1o de los materiales de apoyo necesarios para el acto, tanto para la actualizaci\u00f3n de la p\u00e1gina [&hellip;]","og_url":"https:\/\/www.plataformadecomunicacio.com\/es\/digital-entertainment-summit\/","og_site_name":"Plataforma de comunicaci\u00f3","article_publisher":"https:\/\/www.facebook.com\/plataformadecomunicacio\/","article_modified_time":"2026-01-14T10:58:55+00:00","og_image":[{"width":1024,"height":768,"url":"https:\/\/www.plataformadecomunicacio.com\/wp-content\/uploads\/2025\/12\/Fotos-per-pagina-web-5.png","type":"image\/png"}],"twitter_card":"summary_large_image","twitter_site":"@PlataformadeCom","schema":{"@context":"https:\/\/schema.org","@graph":[{"@type":"WebPage","@id":"https:\/\/www.plataformadecomunicacio.com\/es\/digital-entertainment-summit\/","url":"https:\/\/www.plataformadecomunicacio.com\/es\/digital-entertainment-summit\/","name":"Digital Entertainment Summit - Plataforma de comunicaci\u00f3","isPartOf":{"@id":"https:\/\/www.plataformadecomunicacio.com\/#website"},"primaryImageOfPage":{"@id":"https:\/\/www.plataformadecomunicacio.com\/es\/digital-entertainment-summit\/#primaryimage"},"image":{"@id":"https:\/\/www.plataformadecomunicacio.com\/es\/digital-entertainment-summit\/#primaryimage"},"thumbnailUrl":"https:\/\/www.plataformadecomunicacio.com\/wp-content\/uploads\/2025\/12\/Fotos-per-pagina-web-5.png","datePublished":"2026-01-14T10:57:07+00:00","dateModified":"2026-01-14T10:58:55+00:00","breadcrumb":{"@id":"https:\/\/www.plataformadecomunicacio.com\/es\/digital-entertainment-summit\/#breadcrumb"},"inLanguage":"es","potentialAction":[{"@type":"ReadAction","target":["https:\/\/www.plataformadecomunicacio.com\/es\/digital-entertainment-summit\/"]}]},{"@type":"ImageObject","inLanguage":"es","@id":"https:\/\/www.plataformadecomunicacio.com\/es\/digital-entertainment-summit\/#primaryimage","url":"https:\/\/www.plataformadecomunicacio.com\/wp-content\/uploads\/2025\/12\/Fotos-per-pagina-web-5.png","contentUrl":"https:\/\/www.plataformadecomunicacio.com\/wp-content\/uploads\/2025\/12\/Fotos-per-pagina-web-5.png"},{"@type":"BreadcrumbList","@id":"https:\/\/www.plataformadecomunicacio.com\/es\/digital-entertainment-summit\/#breadcrumb","itemListElement":[{"@type":"ListItem","position":1,"name":"Home","item":"https:\/\/www.plataformadecomunicacio.com\/es\/inicio\/"},{"@type":"ListItem","position":2,"name":"Digital Entertainment Summit"}]},{"@type":"WebSite","@id":"https:\/\/www.plataformadecomunicacio.com\/#website","url":"https:\/\/www.plataformadecomunicacio.com\/","name":"Plataforma de comunicaci\u00f3","description":"Comuniquem junts","publisher":{"@id":"https:\/\/www.plataformadecomunicacio.com\/#organization"},"potentialAction":[{"@type":"SearchAction","target":{"@type":"EntryPoint","urlTemplate":"https:\/\/www.plataformadecomunicacio.com\/?s={search_term_string}"},"query-input":{"@type":"PropertyValueSpecification","valueRequired":true,"valueName":"search_term_string"}}],"inLanguage":"es"},{"@type":"Organization","@id":"https:\/\/www.plataformadecomunicacio.com\/#organization","name":"Plataforma de comunicaci\u00f3","url":"https:\/\/www.plataformadecomunicacio.com\/","logo":{"@type":"ImageObject","inLanguage":"es","@id":"https:\/\/www.plataformadecomunicacio.com\/#\/schema\/logo\/image\/","url":"https:\/\/www.plataformadecomunicacio.com\/wp-content\/uploads\/2019\/02\/Logo_plataforma.png","contentUrl":"https:\/\/www.plataformadecomunicacio.com\/wp-content\/uploads\/2019\/02\/Logo_plataforma.png","width":505,"height":320,"caption":"Plataforma de comunicaci\u00f3"},"image":{"@id":"https:\/\/www.plataformadecomunicacio.com\/#\/schema\/logo\/image\/"},"sameAs":["https:\/\/www.facebook.com\/plataformadecomunicacio\/","https:\/\/x.com\/PlataformadeCom","https:\/\/www.linkedin.com\/company\/plataforma-de-comunicaci\u00f3\/","https:\/\/www.youtube.com\/channel\/UCQ4-7CGw0atul0BbEAN5S9w"]}]}},"_links":{"self":[{"href":"https:\/\/www.plataformadecomunicacio.com\/es\/wp-json\/wp\/v2\/pages\/12376","targetHints":{"allow":["GET"]}}],"collection":[{"href":"https:\/\/www.plataformadecomunicacio.com\/es\/wp-json\/wp\/v2\/pages"}],"about":[{"href":"https:\/\/www.plataformadecomunicacio.com\/es\/wp-json\/wp\/v2\/types\/page"}],"author":[{"embeddable":true,"href":"https:\/\/www.plataformadecomunicacio.com\/es\/wp-json\/wp\/v2\/users\/2"}],"replies":[{"embeddable":true,"href":"https:\/\/www.plataformadecomunicacio.com\/es\/wp-json\/wp\/v2\/comments?post=12376"}],"version-history":[{"count":1,"href":"https:\/\/www.plataformadecomunicacio.com\/es\/wp-json\/wp\/v2\/pages\/12376\/revisions"}],"predecessor-version":[{"id":12378,"href":"https:\/\/www.plataformadecomunicacio.com\/es\/wp-json\/wp\/v2\/pages\/12376\/revisions\/12378"}],"wp:attachment":[{"href":"https:\/\/www.plataformadecomunicacio.com\/es\/wp-json\/wp\/v2\/media?parent=12376"}],"curies":[{"name":"wp","href":"https:\/\/api.w.org\/{rel}","templated":true}]}}